{"id":101,"date":"2023-04-02T15:44:09","date_gmt":"2023-04-02T12:44:09","guid":{"rendered":"https:\/\/teodordiamant.ro\/wp\/?page_id=101"},"modified":"2023-05-30T21:09:30","modified_gmt":"2023-05-30T18:09:30","slug":"resurse","status":"publish","type":"page","link":"https:\/\/teodordiamant.ro\/?page_id=101","title":{"rendered":"RESURSE"},"content":{"rendered":"<h3>Baza material\u0103<\/h3>\n<p>Unitatea de \u00eenv\u0103\u021b\u0103mant dispune de o baz\u0103 material\u0103 bogat\u0103 cu dou\u0103 corpuri de liceu \u00een care se reg\u0103sesc 14 s\u0103li de clas\u0103, anexe, bibliotec\u0103, cabinet medical, sal\u0103 de sport si ateliere dintre care:<\/p>\n<ul>\n<li>1 cabinet electrotehnic\u0103<\/li>\n<li>1 cabinet matematic\u0103<\/li>\n<li>1 cabinet mecanic\u0103<\/li>\n<li>1 cabinet fizic\u0103<\/li>\n<li>1 laborator chimie<\/li>\n<li>1 cabinet protec\u021bia mediului<\/li>\n<li>1 cabinet limba englez\u0103<\/li>\n<li>1 laborator informatic\u0103<\/li>\n<li>1 laborator chimie industrial\u0103<\/li>\n<li>1 atelier electrotehnic\u0103<\/li>\n<li>S\u0103li de clas\u0103<\/li>\n<\/ul>\n<p>Toate s\u0103lile de clas\u0103 din corpul A sunt dotate cu videoproiectoare, 4 table inteligente de ultim\u0103 genera\u021bie \u0219i 3 table smart de tip Qwrite. \u00cen viitorul apropiat \u0219coala va fi dotat\u0103 cu un SMART LAB dar \u0219i cu un teren de sport sintetic.<\/p>\n<h3><\/h3>\n","protected":false},"excerpt":{"rendered":"<p>Baza material\u0103 Unitatea de \u00eenv\u0103\u021b\u0103mant dispune de o baz\u0103 material\u0103 bogat\u0103 cu dou\u0103 corpuri de liceu \u00een care se reg\u0103sesc &hellip; <\/p>\n","protected":false},"author":1,"featured_media":0,"parent":0,"menu_order":0,"comment_status":"closed","ping_status":"closed","template":"","meta":{"footnotes":""},"yoast_head":"<!-- This site is optimized with the Yoast SEO plugin v20.10 - https:\/\/yoast.com\/wordpress\/plugins\/seo\/ -->\n<title>RESURSE - Liceul Tehnologic ,,Teodor Diamant&quot;<\/title>\n<meta name=\"description\" content=\"Liceul Tehnologic ,,Teodor Diamant&quot; RESURSE % - Liceul Tehnologic ,,Teodor Diamant&quot; RESURSE RESURSE RESURSE - RESURSE Liceul Tehnologic ,,Teodor Diamant&quot; Liceul Tehnologic ,,Teodor Diamant&quot; RESURSE\" \/>\n<meta name=\"robots\" content=\"index, follow, max-snippet:-1, max-image-preview:large, max-video-preview:-1\" \/>\n<link rel=\"canonical\" href=\"https:\/\/teodordiamant.ro\/?page_id=101\" \/>\n<meta property=\"og:locale\" content=\"ro_RO\" \/>\n<meta property=\"og:type\" content=\"article\" \/>\n<meta property=\"og:title\" content=\"RESURSE - Liceul Tehnologic ,,Teodor Diamant&quot;\" \/>\n<meta property=\"og:description\" content=\"Liceul Tehnologic ,,Teodor Diamant&quot; RESURSE % - Liceul Tehnologic ,,Teodor Diamant&quot; RESURSE RESURSE RESURSE - RESURSE Liceul Tehnologic ,,Teodor Diamant&quot; Liceul Tehnologic ,,Teodor Diamant&quot; RESURSE\" \/>\n<meta property=\"og:url\" content=\"https:\/\/teodordiamant.ro\/?page_id=101\" \/>\n<meta property=\"og:site_name\" content=\"Liceul Tehnologic ,,Teodor Diamant&quot;\" \/>\n<meta property=\"article:modified_time\" content=\"2023-05-30T18:09:30+00:00\" \/>\n<meta name=\"twitter:card\" content=\"summary_large_image\" \/>\n<meta name=\"twitter:label1\" content=\"Timp estimat pentru citire\" \/>\n\t<meta name=\"twitter:data1\" content=\"1 minut\" \/>\n<script type=\"application\/ld+json\" class=\"yoast-schema-graph\">{\"@context\":\"https:\/\/schema.org\",\"@graph\":[{\"@type\":\"WebPage\",\"@id\":\"https:\/\/teodordiamant.ro\/?page_id=101\",\"url\":\"https:\/\/teodordiamant.ro\/?page_id=101\",\"name\":\"RESURSE - Liceul Tehnologic ,,Teodor Diamant&quot;\",\"isPartOf\":{\"@id\":\"https:\/\/teodordiamant.ro\/#website\"},\"datePublished\":\"2023-04-02T12:44:09+00:00\",\"dateModified\":\"2023-05-30T18:09:30+00:00\",\"description\":\"Liceul Tehnologic ,,Teodor Diamant&quot; RESURSE % - Liceul Tehnologic ,,Teodor Diamant&quot; RESURSE RESURSE RESURSE - RESURSE Liceul Tehnologic ,,Teodor Diamant&quot; Liceul Tehnologic ,,Teodor Diamant&quot; RESURSE\",\"breadcrumb\":{\"@id\":\"https:\/\/teodordiamant.ro\/?page_id=101#breadcrumb\"},\"inLanguage\":\"ro-RO\",\"potentialAction\":[{\"@type\":\"ReadAction\",\"target\":[\"https:\/\/teodordiamant.ro\/?page_id=101\"]}]},{\"@type\":\"BreadcrumbList\",\"@id\":\"https:\/\/teodordiamant.ro\/?page_id=101#breadcrumb\",\"itemListElement\":[{\"@type\":\"ListItem\",\"position\":1,\"name\":\"Prima pagin\u0103\",\"item\":\"https:\/\/teodordiamant.ro\/\"},{\"@type\":\"ListItem\",\"position\":2,\"name\":\"RESURSE\"}]},{\"@type\":\"WebSite\",\"@id\":\"https:\/\/teodordiamant.ro\/#website\",\"url\":\"https:\/\/teodordiamant.ro\/\",\"name\":\"LTTD-Liceul Tehnologic Teodor Diamant\",\"description\":\"\u201dREU\u0218IM \u00ceMPREUN\u0102!\u201d\",\"publisher\":{\"@id\":\"https:\/\/teodordiamant.ro\/#organization\"},\"potentialAction\":[{\"@type\":\"SearchAction\",\"target\":{\"@type\":\"EntryPoint\",\"urlTemplate\":\"https:\/\/teodordiamant.ro\/?s={search_term_string}\"},\"query-input\":\"required name=search_term_string\"}],\"inLanguage\":\"ro-RO\"},{\"@type\":\"Organization\",\"@id\":\"https:\/\/teodordiamant.ro\/#organization\",\"name\":\"LTTD-Liceul Tehnologic Teodor Diamant\",\"url\":\"https:\/\/teodordiamant.ro\/\",\"logo\":{\"@type\":\"ImageObject\",\"inLanguage\":\"ro-RO\",\"@id\":\"https:\/\/teodordiamant.ro\/#\/schema\/logo\/image\/\",\"url\":\"https:\/\/teodordiamant.ro\/wp-content\/uploads\/2023\/04\/teodor_banner-1.jpg\",\"contentUrl\":\"https:\/\/teodordiamant.ro\/wp-content\/uploads\/2023\/04\/teodor_banner-1.jpg\",\"width\":783,\"height\":208,\"caption\":\"LTTD-Liceul Tehnologic Teodor Diamant\"},\"image\":{\"@id\":\"https:\/\/teodordiamant.ro\/#\/schema\/logo\/image\/\"}}]}<\/script>\n<!-- \/ Yoast SEO plugin. -->","yoast_head_json":{"title":"RESURSE - Liceul Tehnologic ,,Teodor Diamant&quot;","description":"Liceul Tehnologic ,,Teodor Diamant&quot; RESURSE % - Liceul Tehnologic ,,Teodor Diamant&quot; RESURSE RESURSE RESURSE - RESURSE Liceul Tehnologic ,,Teodor Diamant&quot; Liceul Tehnologic ,,Teodor Diamant&quot; RESURSE","robots":{"index":"index","follow":"follow","max-snippet":"max-snippet:-1","max-image-preview":"max-image-preview:large","max-video-preview":"max-video-preview:-1"},"canonical":"https:\/\/teodordiamant.ro\/?page_id=101","og_locale":"ro_RO","og_type":"article","og_title":"RESURSE - Liceul Tehnologic ,,Teodor Diamant&quot;","og_description":"Liceul Tehnologic ,,Teodor Diamant&quot; RESURSE % - Liceul Tehnologic ,,Teodor Diamant&quot; RESURSE RESURSE RESURSE - RESURSE Liceul Tehnologic ,,Teodor Diamant&quot; Liceul Tehnologic ,,Teodor Diamant&quot; RESURSE","og_url":"https:\/\/teodordiamant.ro\/?page_id=101","og_site_name":"Liceul Tehnologic ,,Teodor Diamant&quot;","article_modified_time":"2023-05-30T18:09:30+00:00","twitter_card":"summary_large_image","twitter_misc":{"Timp estimat pentru citire":"1 minut"},"schema":{"@context":"https:\/\/schema.org","@graph":[{"@type":"WebPage","@id":"https:\/\/teodordiamant.ro\/?page_id=101","url":"https:\/\/teodordiamant.ro\/?page_id=101","name":"RESURSE - Liceul Tehnologic ,,Teodor Diamant&quot;","isPartOf":{"@id":"https:\/\/teodordiamant.ro\/#website"},"datePublished":"2023-04-02T12:44:09+00:00","dateModified":"2023-05-30T18:09:30+00:00","description":"Liceul Tehnologic ,,Teodor Diamant&quot; RESURSE % - Liceul Tehnologic ,,Teodor Diamant&quot; RESURSE RESURSE RESURSE - RESURSE Liceul Tehnologic ,,Teodor Diamant&quot; Liceul Tehnologic ,,Teodor Diamant&quot; RESURSE","breadcrumb":{"@id":"https:\/\/teodordiamant.ro\/?page_id=101#breadcrumb"},"inLanguage":"ro-RO","potentialAction":[{"@type":"ReadAction","target":["https:\/\/teodordiamant.ro\/?page_id=101"]}]},{"@type":"BreadcrumbList","@id":"https:\/\/teodordiamant.ro\/?page_id=101#breadcrumb","itemListElement":[{"@type":"ListItem","position":1,"name":"Prima pagin\u0103","item":"https:\/\/teodordiamant.ro\/"},{"@type":"ListItem","position":2,"name":"RESURSE"}]},{"@type":"WebSite","@id":"https:\/\/teodordiamant.ro\/#website","url":"https:\/\/teodordiamant.ro\/","name":"LTTD-Liceul Tehnologic Teodor Diamant","description":"\u201dREU\u0218IM \u00ceMPREUN\u0102!\u201d","publisher":{"@id":"https:\/\/teodordiamant.ro\/#organization"},"potentialAction":[{"@type":"SearchAction","target":{"@type":"EntryPoint","urlTemplate":"https:\/\/teodordiamant.ro\/?s={search_term_string}"},"query-input":"required name=search_term_string"}],"inLanguage":"ro-RO"},{"@type":"Organization","@id":"https:\/\/teodordiamant.ro\/#organization","name":"LTTD-Liceul Tehnologic Teodor Diamant","url":"https:\/\/teodordiamant.ro\/","logo":{"@type":"ImageObject","inLanguage":"ro-RO","@id":"https:\/\/teodordiamant.ro\/#\/schema\/logo\/image\/","url":"https:\/\/teodordiamant.ro\/wp-content\/uploads\/2023\/04\/teodor_banner-1.jpg","contentUrl":"https:\/\/teodordiamant.ro\/wp-content\/uploads\/2023\/04\/teodor_banner-1.jpg","width":783,"height":208,"caption":"LTTD-Liceul Tehnologic Teodor Diamant"},"image":{"@id":"https:\/\/teodordiamant.ro\/#\/schema\/logo\/image\/"}}]}},"_links":{"self":[{"href":"https:\/\/teodordiamant.ro\/index.php?rest_route=\/wp\/v2\/pages\/101"}],"collection":[{"href":"https:\/\/teodordiamant.ro\/index.php?rest_route=\/wp\/v2\/pages"}],"about":[{"href":"https:\/\/teodordiamant.ro\/index.php?rest_route=\/wp\/v2\/types\/page"}],"author":[{"embeddable":true,"href":"https:\/\/teodordiamant.ro\/index.php?rest_route=\/wp\/v2\/users\/1"}],"replies":[{"embeddable":true,"href":"https:\/\/teodordiamant.ro\/index.php?rest_route=%2Fwp%2Fv2%2Fcomments&post=101"}],"version-history":[{"count":9,"href":"https:\/\/teodordiamant.ro\/index.php?rest_route=\/wp\/v2\/pages\/101\/revisions"}],"predecessor-version":[{"id":349,"href":"https:\/\/teodordiamant.ro\/index.php?rest_route=\/wp\/v2\/pages\/101\/revisions\/349"}],"wp:attachment":[{"href":"https:\/\/teodordiamant.ro\/index.php?rest_route=%2Fwp%2Fv2%2Fmedia&parent=101"}],"curies":[{"name":"wp","href":"https:\/\/api.w.org\/{rel}","templated":true}]}}