{"id":708,"date":"2024-08-22T16:04:11","date_gmt":"2024-08-22T13:04:11","guid":{"rendered":"https:\/\/teodordiamant.ro\/?page_id=708"},"modified":"2024-08-29T13:44:31","modified_gmt":"2024-08-29T10:44:31","slug":"acasa","status":"publish","type":"page","link":"https:\/\/teodordiamant.ro\/","title":{"rendered":"ACAS\u0102"},"content":{"rendered":"\t\t<div data-elementor-type=\"wp-page\" data-elementor-id=\"708\" class=\"elementor elementor-708\">\n\t\t\t\t\t\t\t\t\t<section class=\"elementor-section elementor-top-section elementor-element elementor-element-9eada0f elementor-section-boxed elementor-section-height-default elementor-section-height-default\" data-id=\"9eada0f\" data-element_type=\"section\">\n\t\t\t\t\t\t<div class=\"elementor-container elementor-column-gap-default\">\n\t\t\t\t\t<div class=\"elementor-column elementor-col-100 elementor-top-column elementor-element elementor-element-34c76a8\" data-id=\"34c76a8\" data-element_type=\"column\">\n\t\t\t<div class=\"elementor-widget-wrap elementor-element-populated\">\n\t\t\t\t\t\t\t\t<div class=\"elementor-element elementor-element-22fbedd elementor-widget elementor-widget-heading\" data-id=\"22fbedd\" data-element_type=\"widget\" data-widget_type=\"heading.default\">\n\t\t\t\t<div class=\"elementor-widget-container\">\n\t\t\t<style>\/*! elementor - v3.13.0 - 08-05-2023 *\/\n.elementor-heading-title{padding:0;margin:0;line-height:1}.elementor-widget-heading .elementor-heading-title[class*=elementor-size-]>a{color:inherit;font-size:inherit;line-height:inherit}.elementor-widget-heading .elementor-heading-title.elementor-size-small{font-size:15px}.elementor-widget-heading .elementor-heading-title.elementor-size-medium{font-size:19px}.elementor-widget-heading .elementor-heading-title.elementor-size-large{font-size:29px}.elementor-widget-heading .elementor-heading-title.elementor-size-xl{font-size:39px}.elementor-widget-heading .elementor-heading-title.elementor-size-xxl{font-size:59px}<\/style><h2 class=\"elementor-heading-title elementor-size-default\">MISIUNEA \u0218COLII<\/h2>\t\t<\/div>\n\t\t\t\t<\/div>\n\t\t\t\t\t<\/div>\n\t\t<\/div>\n\t\t\t\t\t\t\t<\/div>\n\t\t<\/section>\n\t\t\t\t<section class=\"elementor-section elementor-top-section elementor-element elementor-element-499d3f3 elementor-section-boxed elementor-section-height-default elementor-section-height-default\" data-id=\"499d3f3\" data-element_type=\"section\">\n\t\t\t\t\t\t<div class=\"elementor-container elementor-column-gap-default\">\n\t\t\t\t\t<div class=\"elementor-column elementor-col-100 elementor-top-column elementor-element elementor-element-e49c30b\" data-id=\"e49c30b\" data-element_type=\"column\">\n\t\t\t<div class=\"elementor-widget-wrap elementor-element-populated\">\n\t\t\t\t\t\t\t\t<div class=\"elementor-element elementor-element-99e0732 elementor-widget elementor-widget-text-editor\" data-id=\"99e0732\" data-element_type=\"widget\" data-widget_type=\"text-editor.default\">\n\t\t\t\t<div class=\"elementor-widget-container\">\n\t\t\t<style>\/*! elementor - v3.13.0 - 08-05-2023 *\/\n.elementor-widget-text-editor.elementor-drop-cap-view-stacked .elementor-drop-cap{background-color:#69727d;color:#fff}.elementor-widget-text-editor.elementor-drop-cap-view-framed .elementor-drop-cap{color:#69727d;border:3px solid;background-color:transparent}.elementor-widget-text-editor:not(.elementor-drop-cap-view-default) .elementor-drop-cap{margin-top:8px}.elementor-widget-text-editor:not(.elementor-drop-cap-view-default) .elementor-drop-cap-letter{width:1em;height:1em}.elementor-widget-text-editor .elementor-drop-cap{float:left;text-align:center;line-height:1;font-size:50px}.elementor-widget-text-editor .elementor-drop-cap-letter{display:inline-block}<\/style>\t\t\t\t<p><strong style=\"box-sizing: inherit; color: #5d5d5d; font-family: Lato, sans-serif; font-size: 18px; background-color: #ffffff;\">\u0218coala noastr\u0103 \u00ee\u0219i propune s\u0103 asigure tuturor elevilor premizele integr\u0103rii active \u00een societate, s\u0103 realizeze o educa\u021bie de calitate bazat\u0103 pe asigurarea accesului egal\u00a0 \u0219i sporit la educa\u021bie al tuturor copiilor printr-un parteneriat autentic cu familia \u0219i a adapt\u0103rii flexibile la schimbare,form\u00e2nd competen\u021bele -,,bunului cet\u0103\u021bean european\u201d- informat,responsabil \u0219i implicat; s\u0103 respecte \u0219i s\u0103 valorifice pozitiv diferen\u021bele ,s\u0103 promoveze toleran\u021ba \u0219i echitatea \u00een toate demersurile educative formale,informale \u0219i nonformale;s\u0103 duc\u0103 mai departe tradi\u021bia, prestigiul \u0219i performan\u021ba \u0219colii,\u00eembog\u0103\u021bind an de an imaginea acesteia.<\/strong><\/p>\t\t\t\t\t\t<\/div>\n\t\t\t\t<\/div>\n\t\t\t\t\t<\/div>\n\t\t<\/div>\n\t\t\t\t\t\t\t<\/div>\n\t\t<\/section>\n\t\t\t\t<section class=\"elementor-section elementor-top-section elementor-element elementor-element-e30be00 elementor-section-boxed elementor-section-height-default elementor-section-height-default\" data-id=\"e30be00\" data-element_type=\"section\">\n\t\t\t\t\t\t<div class=\"elementor-container elementor-column-gap-default\">\n\t\t\t\t\t<div class=\"elementor-column elementor-col-100 elementor-top-column elementor-element elementor-element-6d64e1b\" data-id=\"6d64e1b\" data-element_type=\"column\">\n\t\t\t<div class=\"elementor-widget-wrap elementor-element-populated\">\n\t\t\t\t\t\t\t\t<div class=\"elementor-element elementor-element-cb5904e elementor-widget-divider--view-line elementor-widget elementor-widget-divider\" data-id=\"cb5904e\" data-element_type=\"widget\" data-widget_type=\"divider.default\">\n\t\t\t\t<div class=\"elementor-widget-container\">\n\t\t\t<style>\/*! elementor - v3.13.0 - 08-05-2023 *\/\n.elementor-widget-divider{--divider-border-style:none;--divider-border-width:1px;--divider-color:#0c0d0e;--divider-icon-size:20px;--divider-element-spacing:10px;--divider-pattern-height:24px;--divider-pattern-size:20px;--divider-pattern-url:none;--divider-pattern-repeat:repeat-x}.elementor-widget-divider .elementor-divider{display:flex}.elementor-widget-divider .elementor-divider__text{font-size:15px;line-height:1;max-width:95%}.elementor-widget-divider .elementor-divider__element{margin:0 var(--divider-element-spacing);flex-shrink:0}.elementor-widget-divider .elementor-icon{font-size:var(--divider-icon-size)}.elementor-widget-divider .elementor-divider-separator{display:flex;margin:0;direction:ltr}.elementor-widget-divider--view-line_icon .elementor-divider-separator,.elementor-widget-divider--view-line_text .elementor-divider-separator{align-items:center}.elementor-widget-divider--view-line_icon .elementor-divider-separator:after,.elementor-widget-divider--view-line_icon .elementor-divider-separator:before,.elementor-widget-divider--view-line_text .elementor-divider-separator:after,.elementor-widget-divider--view-line_text .elementor-divider-separator:before{display:block;content:\"\";border-bottom:0;flex-grow:1;border-top:var(--divider-border-width) var(--divider-border-style) var(--divider-color)}.elementor-widget-divider--element-align-left .elementor-divider .elementor-divider-separator>.elementor-divider__svg:first-of-type{flex-grow:0;flex-shrink:100}.elementor-widget-divider--element-align-left .elementor-divider-separator:before{content:none}.elementor-widget-divider--element-align-left .elementor-divider__element{margin-left:0}.elementor-widget-divider--element-align-right .elementor-divider .elementor-divider-separator>.elementor-divider__svg:last-of-type{flex-grow:0;flex-shrink:100}.elementor-widget-divider--element-align-right .elementor-divider-separator:after{content:none}.elementor-widget-divider--element-align-right .elementor-divider__element{margin-right:0}.elementor-widget-divider:not(.elementor-widget-divider--view-line_text):not(.elementor-widget-divider--view-line_icon) .elementor-divider-separator{border-top:var(--divider-border-width) var(--divider-border-style) var(--divider-color)}.elementor-widget-divider--separator-type-pattern{--divider-border-style:none}.elementor-widget-divider--separator-type-pattern.elementor-widget-divider--view-line .elementor-divider-separator,.elementor-widget-divider--separator-type-pattern:not(.elementor-widget-divider--view-line) .elementor-divider-separator:after,.elementor-widget-divider--separator-type-pattern:not(.elementor-widget-divider--view-line) .elementor-divider-separator:before,.elementor-widget-divider--separator-type-pattern:not([class*=elementor-widget-divider--view]) .elementor-divider-separator{width:100%;min-height:var(--divider-pattern-height);-webkit-mask-size:var(--divider-pattern-size) 100%;mask-size:var(--divider-pattern-size) 100%;-webkit-mask-repeat:var(--divider-pattern-repeat);mask-repeat:var(--divider-pattern-repeat);background-color:var(--divider-color);-webkit-mask-image:var(--divider-pattern-url);mask-image:var(--divider-pattern-url)}.elementor-widget-divider--no-spacing{--divider-pattern-size:auto}.elementor-widget-divider--bg-round{--divider-pattern-repeat:round}.rtl .elementor-widget-divider .elementor-divider__text{direction:rtl}.e-con-inner>.elementor-widget-divider,.e-con>.elementor-widget-divider{width:var(--container-widget-width,100%);--flex-grow:var(--container-widget-flex-grow)}<\/style>\t\t<div class=\"elementor-divider\">\n\t\t\t<span class=\"elementor-divider-separator\">\n\t\t\t\t\t\t<\/span>\n\t\t<\/div>\n\t\t\t\t<\/div>\n\t\t\t\t<\/div>\n\t\t\t\t\t<\/div>\n\t\t<\/div>\n\t\t\t\t\t\t\t<\/div>\n\t\t<\/section>\n\t\t\t\t<section class=\"elementor-section elementor-top-section elementor-element elementor-element-d2507e1 elementor-section-boxed elementor-section-height-default elementor-section-height-default\" data-id=\"d2507e1\" data-element_type=\"section\">\n\t\t\t\t\t\t<div class=\"elementor-container elementor-column-gap-default\">\n\t\t\t\t\t<div class=\"elementor-column elementor-col-100 elementor-top-column elementor-element elementor-element-3769a5e\" data-id=\"3769a5e\" data-element_type=\"column\">\n\t\t\t<div class=\"elementor-widget-wrap elementor-element-populated\">\n\t\t\t\t\t\t\t\t<div class=\"elementor-element elementor-element-78291d6 elementor-widget elementor-widget-heading\" data-id=\"78291d6\" data-element_type=\"widget\" data-widget_type=\"heading.default\">\n\t\t\t\t<div class=\"elementor-widget-container\">\n\t\t\t<h2 class=\"elementor-heading-title elementor-size-default\">VIZIUNEA \u0218COLII<\/h2>\t\t<\/div>\n\t\t\t\t<\/div>\n\t\t\t\t\t<\/div>\n\t\t<\/div>\n\t\t\t\t\t\t\t<\/div>\n\t\t<\/section>\n\t\t\t\t<section class=\"elementor-section elementor-top-section elementor-element elementor-element-0c2a778 elementor-section-boxed elementor-section-height-default elementor-section-height-default\" data-id=\"0c2a778\" data-element_type=\"section\">\n\t\t\t\t\t\t<div class=\"elementor-container elementor-column-gap-default\">\n\t\t\t\t\t<div class=\"elementor-column elementor-col-100 elementor-top-column elementor-element elementor-element-afde158\" data-id=\"afde158\" data-element_type=\"column\">\n\t\t\t<div class=\"elementor-widget-wrap elementor-element-populated\">\n\t\t\t\t\t\t\t\t<div class=\"elementor-element elementor-element-c88b00a elementor-widget elementor-widget-text-editor\" data-id=\"c88b00a\" data-element_type=\"widget\" data-widget_type=\"text-editor.default\">\n\t\t\t\t<div class=\"elementor-widget-container\">\n\t\t\t\t\t\t\t<p><strong>Liceul Tehnologic ,,Teodor Diamant\u201d ,Bolde\u0219ti \u2013 Sc\u0103eni va deveni un centru de cultur\u0103 \u0219i de interes pentru elevii din comunitatea local\u0103 at\u00e2t prin oferta curricular\u0103 c\u00e2t \u0219i prin diversificarea ofertei parteneriatelor \u0219i proiectelor care le va ini\u021bia;va fi \u00eentotdeauna locul unde to\u021bi copiii \u00ee\u0219i vor defini \u0219i dezvolta personalitatea,p\u0103rin\u021bii vor g\u0103si un partener de calitate \u00een educa\u021bie,iar cadrele didactice \u00a0vor oferi tuturor ,,\u0219tiin\u021ba de a reu\u0219i\u201d<\/strong><\/p>\t\t\t\t\t\t<\/div>\n\t\t\t\t<\/div>\n\t\t\t\t\t<\/div>\n\t\t<\/div>\n\t\t\t\t\t\t\t<\/div>\n\t\t<\/section>\n\t\t\t\t\t\t\t<\/div>\n\t\t","protected":false},"excerpt":{"rendered":"<p>MISIUNEA \u0218COLII \u0218coala noastr\u0103 \u00ee\u0219i propune s\u0103 asigure tuturor elevilor premizele integr\u0103rii active \u00een societate, s\u0103 realizeze o educa\u021bie de &hellip; <\/p>\n","protected":false},"author":3,"featured_media":0,"parent":0,"menu_order":0,"comment_status":"closed","ping_status":"closed","template":"","meta":{"footnotes":""},"yoast_head":"<!-- This site is optimized with the Yoast SEO plugin v20.10 - https:\/\/yoast.com\/wordpress\/plugins\/seo\/ -->\n<title>ACAS\u0102 - Liceul Tehnologic ,,Teodor Diamant&quot;<\/title>\n<meta name=\"robots\" content=\"index, follow, max-snippet:-1, max-image-preview:large, max-video-preview:-1\" \/>\n<link rel=\"canonical\" href=\"https:\/\/teodordiamant.ro\/\" \/>\n<meta property=\"og:locale\" content=\"ro_RO\" \/>\n<meta property=\"og:type\" content=\"article\" \/>\n<meta property=\"og:title\" content=\"ACAS\u0102 - Liceul Tehnologic ,,Teodor Diamant&quot;\" \/>\n<meta property=\"og:description\" content=\"MISIUNEA \u0218COLII \u0218coala noastr\u0103 \u00ee\u0219i propune s\u0103 asigure tuturor elevilor premizele integr\u0103rii active \u00een societate, s\u0103 realizeze o educa\u021bie de &hellip;\" \/>\n<meta property=\"og:url\" content=\"https:\/\/teodordiamant.ro\/\" \/>\n<meta property=\"og:site_name\" content=\"Liceul Tehnologic ,,Teodor Diamant&quot;\" \/>\n<meta property=\"article:modified_time\" content=\"2024-08-29T10:44:31+00:00\" \/>\n<meta name=\"twitter:card\" content=\"summary_large_image\" \/>\n<script type=\"application\/ld+json\" class=\"yoast-schema-graph\">{\"@context\":\"https:\/\/schema.org\",\"@graph\":[{\"@type\":\"WebPage\",\"@id\":\"https:\/\/teodordiamant.ro\/\",\"url\":\"https:\/\/teodordiamant.ro\/\",\"name\":\"ACAS\u0102 - Liceul Tehnologic ,,Teodor Diamant&quot;\",\"isPartOf\":{\"@id\":\"https:\/\/teodordiamant.ro\/#website\"},\"datePublished\":\"2024-08-22T13:04:11+00:00\",\"dateModified\":\"2024-08-29T10:44:31+00:00\",\"breadcrumb\":{\"@id\":\"https:\/\/teodordiamant.ro\/#breadcrumb\"},\"inLanguage\":\"ro-RO\",\"potentialAction\":[{\"@type\":\"ReadAction\",\"target\":[\"https:\/\/teodordiamant.ro\/\"]}]},{\"@type\":\"BreadcrumbList\",\"@id\":\"https:\/\/teodordiamant.ro\/#breadcrumb\",\"itemListElement\":[{\"@type\":\"ListItem\",\"position\":1,\"name\":\"Prima pagin\u0103\",\"item\":\"https:\/\/teodordiamant.ro\/\"},{\"@type\":\"ListItem\",\"position\":2,\"name\":\"ACAS\u0102\"}]},{\"@type\":\"WebSite\",\"@id\":\"https:\/\/teodordiamant.ro\/#website\",\"url\":\"https:\/\/teodordiamant.ro\/\",\"name\":\"LTTD-Liceul Tehnologic Teodor Diamant\",\"description\":\"\u201dREU\u0218IM \u00ceMPREUN\u0102!\u201d\",\"publisher\":{\"@id\":\"https:\/\/teodordiamant.ro\/#organization\"},\"potentialAction\":[{\"@type\":\"SearchAction\",\"target\":{\"@type\":\"EntryPoint\",\"urlTemplate\":\"https:\/\/teodordiamant.ro\/?s={search_term_string}\"},\"query-input\":\"required name=search_term_string\"}],\"inLanguage\":\"ro-RO\"},{\"@type\":\"Organization\",\"@id\":\"https:\/\/teodordiamant.ro\/#organization\",\"name\":\"LTTD-Liceul Tehnologic Teodor Diamant\",\"url\":\"https:\/\/teodordiamant.ro\/\",\"logo\":{\"@type\":\"ImageObject\",\"inLanguage\":\"ro-RO\",\"@id\":\"https:\/\/teodordiamant.ro\/#\/schema\/logo\/image\/\",\"url\":\"https:\/\/teodordiamant.ro\/wp-content\/uploads\/2023\/04\/teodor_banner-1.jpg\",\"contentUrl\":\"https:\/\/teodordiamant.ro\/wp-content\/uploads\/2023\/04\/teodor_banner-1.jpg\",\"width\":783,\"height\":208,\"caption\":\"LTTD-Liceul Tehnologic Teodor Diamant\"},\"image\":{\"@id\":\"https:\/\/teodordiamant.ro\/#\/schema\/logo\/image\/\"}}]}<\/script>\n<!-- \/ Yoast SEO plugin. -->","yoast_head_json":{"title":"ACAS\u0102 - Liceul Tehnologic ,,Teodor Diamant&quot;","robots":{"index":"index","follow":"follow","max-snippet":"max-snippet:-1","max-image-preview":"max-image-preview:large","max-video-preview":"max-video-preview:-1"},"canonical":"https:\/\/teodordiamant.ro\/","og_locale":"ro_RO","og_type":"article","og_title":"ACAS\u0102 - Liceul Tehnologic ,,Teodor Diamant&quot;","og_description":"MISIUNEA \u0218COLII \u0218coala noastr\u0103 \u00ee\u0219i propune s\u0103 asigure tuturor elevilor premizele integr\u0103rii active \u00een societate, s\u0103 realizeze o educa\u021bie de &hellip;","og_url":"https:\/\/teodordiamant.ro\/","og_site_name":"Liceul Tehnologic ,,Teodor Diamant&quot;","article_modified_time":"2024-08-29T10:44:31+00:00","twitter_card":"summary_large_image","schema":{"@context":"https:\/\/schema.org","@graph":[{"@type":"WebPage","@id":"https:\/\/teodordiamant.ro\/","url":"https:\/\/teodordiamant.ro\/","name":"ACAS\u0102 - Liceul Tehnologic ,,Teodor Diamant&quot;","isPartOf":{"@id":"https:\/\/teodordiamant.ro\/#website"},"datePublished":"2024-08-22T13:04:11+00:00","dateModified":"2024-08-29T10:44:31+00:00","breadcrumb":{"@id":"https:\/\/teodordiamant.ro\/#breadcrumb"},"inLanguage":"ro-RO","potentialAction":[{"@type":"ReadAction","target":["https:\/\/teodordiamant.ro\/"]}]},{"@type":"BreadcrumbList","@id":"https:\/\/teodordiamant.ro\/#breadcrumb","itemListElement":[{"@type":"ListItem","position":1,"name":"Prima pagin\u0103","item":"https:\/\/teodordiamant.ro\/"},{"@type":"ListItem","position":2,"name":"ACAS\u0102"}]},{"@type":"WebSite","@id":"https:\/\/teodordiamant.ro\/#website","url":"https:\/\/teodordiamant.ro\/","name":"LTTD-Liceul Tehnologic Teodor Diamant","description":"\u201dREU\u0218IM \u00ceMPREUN\u0102!\u201d","publisher":{"@id":"https:\/\/teodordiamant.ro\/#organization"},"potentialAction":[{"@type":"SearchAction","target":{"@type":"EntryPoint","urlTemplate":"https:\/\/teodordiamant.ro\/?s={search_term_string}"},"query-input":"required name=search_term_string"}],"inLanguage":"ro-RO"},{"@type":"Organization","@id":"https:\/\/teodordiamant.ro\/#organization","name":"LTTD-Liceul Tehnologic Teodor Diamant","url":"https:\/\/teodordiamant.ro\/","logo":{"@type":"ImageObject","inLanguage":"ro-RO","@id":"https:\/\/teodordiamant.ro\/#\/schema\/logo\/image\/","url":"https:\/\/teodordiamant.ro\/wp-content\/uploads\/2023\/04\/teodor_banner-1.jpg","contentUrl":"https:\/\/teodordiamant.ro\/wp-content\/uploads\/2023\/04\/teodor_banner-1.jpg","width":783,"height":208,"caption":"LTTD-Liceul Tehnologic Teodor Diamant"},"image":{"@id":"https:\/\/teodordiamant.ro\/#\/schema\/logo\/image\/"}}]}},"_links":{"self":[{"href":"https:\/\/teodordiamant.ro\/index.php?rest_route=\/wp\/v2\/pages\/708"}],"collection":[{"href":"https:\/\/teodordiamant.ro\/index.php?rest_route=\/wp\/v2\/pages"}],"about":[{"href":"https:\/\/teodordiamant.ro\/index.php?rest_route=\/wp\/v2\/types\/page"}],"author":[{"embeddable":true,"href":"https:\/\/teodordiamant.ro\/index.php?rest_route=\/wp\/v2\/users\/3"}],"replies":[{"embeddable":true,"href":"https:\/\/teodordiamant.ro\/index.php?rest_route=%2Fwp%2Fv2%2Fcomments&post=708"}],"version-history":[{"count":3,"href":"https:\/\/teodordiamant.ro\/index.php?rest_route=\/wp\/v2\/pages\/708\/revisions"}],"predecessor-version":[{"id":962,"href":"https:\/\/teodordiamant.ro\/index.php?rest_route=\/wp\/v2\/pages\/708\/revisions\/962"}],"wp:attachment":[{"href":"https:\/\/teodordiamant.ro\/index.php?rest_route=%2Fwp%2Fv2%2Fmedia&parent=708"}],"curies":[{"name":"wp","href":"https:\/\/api.w.org\/{rel}","templated":true}]}}